{"id":9154,"date":"2024-03-28T04:57:31","date_gmt":"2024-03-28T03:57:31","guid":{"rendered":"https:\/\/www.schwalbenrast.de\/?page_id=9154"},"modified":"2025-04-26T19:01:47","modified_gmt":"2025-04-26T17:01:47","slug":"veranstaltungen-am-duemmersee","status":"publish","type":"page","link":"https:\/\/www.schwalbenrast.de\/index.php\/veranstaltungen-am-duemmersee\/","title":{"rendered":"G\u00e4ste-Informationsmappe D\u00fcmmersee"},"content":{"rendered":"<p><code><\/code><\/p>\n<p>&nbsp;<\/p>\n<p>bitte auf G\u00e4ste-Infomappe klicken !<\/p>\n<p>&nbsp;<\/p>\n<table style=\"border-collapse: collapse; width: 100%;\">\n<tbody>\n<tr>\n<td style=\"width: 28.1035%;\"><img decoding=\"async\" id=\"photo-modal-image\" class=\"w-1\/3 h-1\/3 object-contain lazyload\" data-src=\"https:\/\/images.freeimages.com\/fic\/images\/icons\/730\/soft\/128\/book.png\" alt=\"Book. book, reading, read\" src=\"data:image\/svg+xml;base64,PHN2ZyB3aWR0aD0iMSIgaGVpZ2h0PSIxIiB4bWxucz0iaHR0cDovL3d3dy53My5vcmcvMjAwMC9zdmciPjwvc3ZnPg==\" \/><\/td>\n<td style=\"width: 71.8965%;\"><span style=\"color: #0000ff; font-size: 32px;\"><a style=\"color: #0000ff;\" href=\"https:\/\/www.schwalbenrast.de\/wp-content\/uploads\/2025\/04\/Gaesteinfomappe-2024-final-Stand-2024.10-komprimiert.pdf\">G\u00e4ste-Infomappe<\/a><\/span><\/td>\n<\/tr>\n<\/tbody>\n<\/table>\n<p>&nbsp;<\/p>\n","protected":false},"excerpt":{"rendered":"<p>&nbsp; bitte auf G\u00e4ste-Infomappe klicken ! &nbsp; G\u00e4ste-Infomappe &nbsp;<\/p>\n","protected":false},"author":8,"featured_media":0,"parent":0,"menu_order":0,"comment_status":"closed","ping_status":"closed","template":"","meta":{"footnotes":""},"class_list":["post-9154","page","type-page","status-publish","hentry"],"yoast_head":"<!-- This site is optimized with the Yoast SEO plugin v27.3 - https:\/\/yoast.com\/product\/yoast-seo-wordpress\/ -->\n<title>G\u00e4ste-Informationsmappe D\u00fcmmersee - Ihr Zuhause am D\u00fcmmersee<\/title>\n<meta name=\"robots\" content=\"index, follow, max-snippet:-1, max-image-preview:large, max-video-preview:-1\" \/>\n<link rel=\"canonical\" href=\"https:\/\/www.schwalbenrast.de\/index.php\/veranstaltungen-am-duemmersee\/\" \/>\n<meta property=\"og:locale\" content=\"de_DE\" \/>\n<meta property=\"og:type\" content=\"article\" \/>\n<meta property=\"og:title\" content=\"G\u00e4ste-Informationsmappe D\u00fcmmersee - Ihr Zuhause am D\u00fcmmersee\" \/>\n<meta property=\"og:description\" content=\"&nbsp; bitte auf G\u00e4ste-Infomappe klicken ! &nbsp; G\u00e4ste-Infomappe &nbsp;\" \/>\n<meta property=\"og:url\" content=\"https:\/\/www.schwalbenrast.de\/index.php\/veranstaltungen-am-duemmersee\/\" \/>\n<meta property=\"og:site_name\" content=\"Ihr Zuhause am D\u00fcmmersee\" \/>\n<meta property=\"article:modified_time\" content=\"2025-04-26T17:01:47+00:00\" \/>\n<meta property=\"og:image\" content=\"https:\/\/images.freeimages.com\/fic\/images\/icons\/730\/soft\/128\/book.png\" \/>\n<meta name=\"twitter:card\" content=\"summary_large_image\" \/>\n<meta name=\"twitter:label1\" content=\"Gesch\u00e4tzte Lesezeit\" \/>\n\t<meta name=\"twitter:data1\" content=\"1\u00a0Minute\" \/>\n<script type=\"application\/ld+json\" class=\"yoast-schema-graph\">{\"@context\":\"https:\\\/\\\/schema.org\",\"@graph\":[{\"@type\":\"WebPage\",\"@id\":\"https:\\\/\\\/www.schwalbenrast.de\\\/index.php\\\/veranstaltungen-am-duemmersee\\\/\",\"url\":\"https:\\\/\\\/www.schwalbenrast.de\\\/index.php\\\/veranstaltungen-am-duemmersee\\\/\",\"name\":\"G\u00e4ste-Informationsmappe D\u00fcmmersee - Ihr Zuhause am D\u00fcmmersee\",\"isPartOf\":{\"@id\":\"https:\\\/\\\/www.schwalbenrast.de\\\/#website\"},\"primaryImageOfPage\":{\"@id\":\"https:\\\/\\\/www.schwalbenrast.de\\\/index.php\\\/veranstaltungen-am-duemmersee\\\/#primaryimage\"},\"image\":{\"@id\":\"https:\\\/\\\/www.schwalbenrast.de\\\/index.php\\\/veranstaltungen-am-duemmersee\\\/#primaryimage\"},\"thumbnailUrl\":\"https:\\\/\\\/images.freeimages.com\\\/fic\\\/images\\\/icons\\\/730\\\/soft\\\/128\\\/book.png\",\"datePublished\":\"2024-03-28T03:57:31+00:00\",\"dateModified\":\"2025-04-26T17:01:47+00:00\",\"breadcrumb\":{\"@id\":\"https:\\\/\\\/www.schwalbenrast.de\\\/index.php\\\/veranstaltungen-am-duemmersee\\\/#breadcrumb\"},\"inLanguage\":\"de\",\"potentialAction\":[{\"@type\":\"ReadAction\",\"target\":[\"https:\\\/\\\/www.schwalbenrast.de\\\/index.php\\\/veranstaltungen-am-duemmersee\\\/\"]}]},{\"@type\":\"ImageObject\",\"inLanguage\":\"de\",\"@id\":\"https:\\\/\\\/www.schwalbenrast.de\\\/index.php\\\/veranstaltungen-am-duemmersee\\\/#primaryimage\",\"url\":\"https:\\\/\\\/images.freeimages.com\\\/fic\\\/images\\\/icons\\\/730\\\/soft\\\/128\\\/book.png\",\"contentUrl\":\"https:\\\/\\\/images.freeimages.com\\\/fic\\\/images\\\/icons\\\/730\\\/soft\\\/128\\\/book.png\"},{\"@type\":\"BreadcrumbList\",\"@id\":\"https:\\\/\\\/www.schwalbenrast.de\\\/index.php\\\/veranstaltungen-am-duemmersee\\\/#breadcrumb\",\"itemListElement\":[{\"@type\":\"ListItem\",\"position\":1,\"name\":\"Startseite\",\"item\":\"https:\\\/\\\/www.schwalbenrast.de\\\/\"},{\"@type\":\"ListItem\",\"position\":2,\"name\":\"G\u00e4ste-Informationsmappe D\u00fcmmersee\"}]},{\"@type\":\"WebSite\",\"@id\":\"https:\\\/\\\/www.schwalbenrast.de\\\/#website\",\"url\":\"https:\\\/\\\/www.schwalbenrast.de\\\/\",\"name\":\"Ihr Zuhause am D\u00fcmmersee\",\"description\":\"Ferienhaus Schwalbenrast & Ferienwohnung Seglernest\",\"potentialAction\":[{\"@type\":\"SearchAction\",\"target\":{\"@type\":\"EntryPoint\",\"urlTemplate\":\"https:\\\/\\\/www.schwalbenrast.de\\\/?s={search_term_string}\"},\"query-input\":{\"@type\":\"PropertyValueSpecification\",\"valueRequired\":true,\"valueName\":\"search_term_string\"}}],\"inLanguage\":\"de\"}]}<\/script>\n<!-- \/ Yoast SEO plugin. -->","yoast_head_json":{"title":"G\u00e4ste-Informationsmappe D\u00fcmmersee - Ihr Zuhause am D\u00fcmmersee","robots":{"index":"index","follow":"follow","max-snippet":"max-snippet:-1","max-image-preview":"max-image-preview:large","max-video-preview":"max-video-preview:-1"},"canonical":"https:\/\/www.schwalbenrast.de\/index.php\/veranstaltungen-am-duemmersee\/","og_locale":"de_DE","og_type":"article","og_title":"G\u00e4ste-Informationsmappe D\u00fcmmersee - Ihr Zuhause am D\u00fcmmersee","og_description":"&nbsp; bitte auf G\u00e4ste-Infomappe klicken ! &nbsp; G\u00e4ste-Infomappe &nbsp;","og_url":"https:\/\/www.schwalbenrast.de\/index.php\/veranstaltungen-am-duemmersee\/","og_site_name":"Ihr Zuhause am D\u00fcmmersee","article_modified_time":"2025-04-26T17:01:47+00:00","og_image":[{"url":"https:\/\/images.freeimages.com\/fic\/images\/icons\/730\/soft\/128\/book.png","type":"","width":"","height":""}],"twitter_card":"summary_large_image","twitter_misc":{"Gesch\u00e4tzte Lesezeit":"1\u00a0Minute"},"schema":{"@context":"https:\/\/schema.org","@graph":[{"@type":"WebPage","@id":"https:\/\/www.schwalbenrast.de\/index.php\/veranstaltungen-am-duemmersee\/","url":"https:\/\/www.schwalbenrast.de\/index.php\/veranstaltungen-am-duemmersee\/","name":"G\u00e4ste-Informationsmappe D\u00fcmmersee - Ihr Zuhause am D\u00fcmmersee","isPartOf":{"@id":"https:\/\/www.schwalbenrast.de\/#website"},"primaryImageOfPage":{"@id":"https:\/\/www.schwalbenrast.de\/index.php\/veranstaltungen-am-duemmersee\/#primaryimage"},"image":{"@id":"https:\/\/www.schwalbenrast.de\/index.php\/veranstaltungen-am-duemmersee\/#primaryimage"},"thumbnailUrl":"https:\/\/images.freeimages.com\/fic\/images\/icons\/730\/soft\/128\/book.png","datePublished":"2024-03-28T03:57:31+00:00","dateModified":"2025-04-26T17:01:47+00:00","breadcrumb":{"@id":"https:\/\/www.schwalbenrast.de\/index.php\/veranstaltungen-am-duemmersee\/#breadcrumb"},"inLanguage":"de","potentialAction":[{"@type":"ReadAction","target":["https:\/\/www.schwalbenrast.de\/index.php\/veranstaltungen-am-duemmersee\/"]}]},{"@type":"ImageObject","inLanguage":"de","@id":"https:\/\/www.schwalbenrast.de\/index.php\/veranstaltungen-am-duemmersee\/#primaryimage","url":"https:\/\/images.freeimages.com\/fic\/images\/icons\/730\/soft\/128\/book.png","contentUrl":"https:\/\/images.freeimages.com\/fic\/images\/icons\/730\/soft\/128\/book.png"},{"@type":"BreadcrumbList","@id":"https:\/\/www.schwalbenrast.de\/index.php\/veranstaltungen-am-duemmersee\/#breadcrumb","itemListElement":[{"@type":"ListItem","position":1,"name":"Startseite","item":"https:\/\/www.schwalbenrast.de\/"},{"@type":"ListItem","position":2,"name":"G\u00e4ste-Informationsmappe D\u00fcmmersee"}]},{"@type":"WebSite","@id":"https:\/\/www.schwalbenrast.de\/#website","url":"https:\/\/www.schwalbenrast.de\/","name":"Ihr Zuhause am D\u00fcmmersee","description":"Ferienhaus Schwalbenrast & Ferienwohnung Seglernest","potentialAction":[{"@type":"SearchAction","target":{"@type":"EntryPoint","urlTemplate":"https:\/\/www.schwalbenrast.de\/?s={search_term_string}"},"query-input":{"@type":"PropertyValueSpecification","valueRequired":true,"valueName":"search_term_string"}}],"inLanguage":"de"}]}},"_links":{"self":[{"href":"https:\/\/www.schwalbenrast.de\/index.php\/wp-json\/wp\/v2\/pages\/9154","targetHints":{"allow":["GET"]}}],"collection":[{"href":"https:\/\/www.schwalbenrast.de\/index.php\/wp-json\/wp\/v2\/pages"}],"about":[{"href":"https:\/\/www.schwalbenrast.de\/index.php\/wp-json\/wp\/v2\/types\/page"}],"author":[{"embeddable":true,"href":"https:\/\/www.schwalbenrast.de\/index.php\/wp-json\/wp\/v2\/users\/8"}],"replies":[{"embeddable":true,"href":"https:\/\/www.schwalbenrast.de\/index.php\/wp-json\/wp\/v2\/comments?post=9154"}],"version-history":[{"count":10,"href":"https:\/\/www.schwalbenrast.de\/index.php\/wp-json\/wp\/v2\/pages\/9154\/revisions"}],"predecessor-version":[{"id":9566,"href":"https:\/\/www.schwalbenrast.de\/index.php\/wp-json\/wp\/v2\/pages\/9154\/revisions\/9566"}],"wp:attachment":[{"href":"https:\/\/www.schwalbenrast.de\/index.php\/wp-json\/wp\/v2\/media?parent=9154"}],"curies":[{"name":"wp","href":"https:\/\/api.w.org\/{rel}","templated":true}]}}