{"id":8756,"date":"2023-08-25T17:30:48","date_gmt":"2023-08-25T15:30:48","guid":{"rendered":"https:\/\/www.schwalbenrast.de\/?page_id=8756"},"modified":"2023-08-25T17:36:25","modified_gmt":"2023-08-25T15:36:25","slug":"allgemeine-geschaeftsbedingungen","status":"publish","type":"page","link":"https:\/\/www.schwalbenrast.de\/index.php\/allgemeine-geschaeftsbedingungen\/","title":{"rendered":"allgemeine Gesch\u00e4ftsbedingungen"},"content":{"rendered":"<p><a href=\"https:\/\/www.schwalbenrast.de\/wp-content\/uploads\/2023\/08\/Geschaeftsbedingungen.pdf\">Gesch\u00e4ftsbedingungen<\/a><\/p>\n","protected":false},"excerpt":{"rendered":"<p>Gesch\u00e4ftsbedingungen<\/p>\n","protected":false},"author":8,"featured_media":0,"parent":0,"menu_order":0,"comment_status":"closed","ping_status":"closed","template":"","meta":{"footnotes":""},"class_list":["post-8756","page","type-page","status-publish","hentry"],"yoast_head":"<!-- This site is optimized with the Yoast SEO plugin v27.3 - https:\/\/yoast.com\/product\/yoast-seo-wordpress\/ -->\n<title>allgemeine Gesch\u00e4ftsbedingungen - Ihr Zuhause am D\u00fcmmersee<\/title>\n<meta name=\"robots\" content=\"index, follow, max-snippet:-1, max-image-preview:large, max-video-preview:-1\" \/>\n<link rel=\"canonical\" href=\"https:\/\/www.schwalbenrast.de\/index.php\/allgemeine-geschaeftsbedingungen\/\" \/>\n<meta property=\"og:locale\" content=\"de_DE\" \/>\n<meta property=\"og:type\" content=\"article\" \/>\n<meta property=\"og:title\" content=\"allgemeine Gesch\u00e4ftsbedingungen - Ihr Zuhause am D\u00fcmmersee\" \/>\n<meta property=\"og:description\" content=\"Gesch\u00e4ftsbedingungen\" \/>\n<meta property=\"og:url\" content=\"https:\/\/www.schwalbenrast.de\/index.php\/allgemeine-geschaeftsbedingungen\/\" \/>\n<meta property=\"og:site_name\" content=\"Ihr Zuhause am D\u00fcmmersee\" \/>\n<meta property=\"article:modified_time\" content=\"2023-08-25T15:36:25+00:00\" \/>\n<meta name=\"twitter:card\" content=\"summary_large_image\" \/>\n<meta name=\"twitter:label1\" content=\"Gesch\u00e4tzte Lesezeit\" \/>\n\t<meta name=\"twitter:data1\" content=\"1\u00a0Minute\" \/>\n<script type=\"application\/ld+json\" class=\"yoast-schema-graph\">{\"@context\":\"https:\\\/\\\/schema.org\",\"@graph\":[{\"@type\":\"WebPage\",\"@id\":\"https:\\\/\\\/www.schwalbenrast.de\\\/index.php\\\/allgemeine-geschaeftsbedingungen\\\/\",\"url\":\"https:\\\/\\\/www.schwalbenrast.de\\\/index.php\\\/allgemeine-geschaeftsbedingungen\\\/\",\"name\":\"allgemeine Gesch\u00e4ftsbedingungen - Ihr Zuhause am D\u00fcmmersee\",\"isPartOf\":{\"@id\":\"https:\\\/\\\/www.schwalbenrast.de\\\/#website\"},\"datePublished\":\"2023-08-25T15:30:48+00:00\",\"dateModified\":\"2023-08-25T15:36:25+00:00\",\"breadcrumb\":{\"@id\":\"https:\\\/\\\/www.schwalbenrast.de\\\/index.php\\\/allgemeine-geschaeftsbedingungen\\\/#breadcrumb\"},\"inLanguage\":\"de\",\"potentialAction\":[{\"@type\":\"ReadAction\",\"target\":[\"https:\\\/\\\/www.schwalbenrast.de\\\/index.php\\\/allgemeine-geschaeftsbedingungen\\\/\"]}]},{\"@type\":\"BreadcrumbList\",\"@id\":\"https:\\\/\\\/www.schwalbenrast.de\\\/index.php\\\/allgemeine-geschaeftsbedingungen\\\/#breadcrumb\",\"itemListElement\":[{\"@type\":\"ListItem\",\"position\":1,\"name\":\"Startseite\",\"item\":\"https:\\\/\\\/www.schwalbenrast.de\\\/\"},{\"@type\":\"ListItem\",\"position\":2,\"name\":\"allgemeine Gesch\u00e4ftsbedingungen\"}]},{\"@type\":\"WebSite\",\"@id\":\"https:\\\/\\\/www.schwalbenrast.de\\\/#website\",\"url\":\"https:\\\/\\\/www.schwalbenrast.de\\\/\",\"name\":\"Ihr Zuhause am D\u00fcmmersee\",\"description\":\"Ferienhaus Schwalbenrast & Ferienwohnung Seglernest\",\"potentialAction\":[{\"@type\":\"SearchAction\",\"target\":{\"@type\":\"EntryPoint\",\"urlTemplate\":\"https:\\\/\\\/www.schwalbenrast.de\\\/?s={search_term_string}\"},\"query-input\":{\"@type\":\"PropertyValueSpecification\",\"valueRequired\":true,\"valueName\":\"search_term_string\"}}],\"inLanguage\":\"de\"}]}<\/script>\n<!-- \/ Yoast SEO plugin. -->","yoast_head_json":{"title":"allgemeine Gesch\u00e4ftsbedingungen - Ihr Zuhause am D\u00fcmmersee","robots":{"index":"index","follow":"follow","max-snippet":"max-snippet:-1","max-image-preview":"max-image-preview:large","max-video-preview":"max-video-preview:-1"},"canonical":"https:\/\/www.schwalbenrast.de\/index.php\/allgemeine-geschaeftsbedingungen\/","og_locale":"de_DE","og_type":"article","og_title":"allgemeine Gesch\u00e4ftsbedingungen - Ihr Zuhause am D\u00fcmmersee","og_description":"Gesch\u00e4ftsbedingungen","og_url":"https:\/\/www.schwalbenrast.de\/index.php\/allgemeine-geschaeftsbedingungen\/","og_site_name":"Ihr Zuhause am D\u00fcmmersee","article_modified_time":"2023-08-25T15:36:25+00:00","twitter_card":"summary_large_image","twitter_misc":{"Gesch\u00e4tzte Lesezeit":"1\u00a0Minute"},"schema":{"@context":"https:\/\/schema.org","@graph":[{"@type":"WebPage","@id":"https:\/\/www.schwalbenrast.de\/index.php\/allgemeine-geschaeftsbedingungen\/","url":"https:\/\/www.schwalbenrast.de\/index.php\/allgemeine-geschaeftsbedingungen\/","name":"allgemeine Gesch\u00e4ftsbedingungen - Ihr Zuhause am D\u00fcmmersee","isPartOf":{"@id":"https:\/\/www.schwalbenrast.de\/#website"},"datePublished":"2023-08-25T15:30:48+00:00","dateModified":"2023-08-25T15:36:25+00:00","breadcrumb":{"@id":"https:\/\/www.schwalbenrast.de\/index.php\/allgemeine-geschaeftsbedingungen\/#breadcrumb"},"inLanguage":"de","potentialAction":[{"@type":"ReadAction","target":["https:\/\/www.schwalbenrast.de\/index.php\/allgemeine-geschaeftsbedingungen\/"]}]},{"@type":"BreadcrumbList","@id":"https:\/\/www.schwalbenrast.de\/index.php\/allgemeine-geschaeftsbedingungen\/#breadcrumb","itemListElement":[{"@type":"ListItem","position":1,"name":"Startseite","item":"https:\/\/www.schwalbenrast.de\/"},{"@type":"ListItem","position":2,"name":"allgemeine Gesch\u00e4ftsbedingungen"}]},{"@type":"WebSite","@id":"https:\/\/www.schwalbenrast.de\/#website","url":"https:\/\/www.schwalbenrast.de\/","name":"Ihr Zuhause am D\u00fcmmersee","description":"Ferienhaus Schwalbenrast & Ferienwohnung Seglernest","potentialAction":[{"@type":"SearchAction","target":{"@type":"EntryPoint","urlTemplate":"https:\/\/www.schwalbenrast.de\/?s={search_term_string}"},"query-input":{"@type":"PropertyValueSpecification","valueRequired":true,"valueName":"search_term_string"}}],"inLanguage":"de"}]}},"_links":{"self":[{"href":"https:\/\/www.schwalbenrast.de\/index.php\/wp-json\/wp\/v2\/pages\/8756","targetHints":{"allow":["GET"]}}],"collection":[{"href":"https:\/\/www.schwalbenrast.de\/index.php\/wp-json\/wp\/v2\/pages"}],"about":[{"href":"https:\/\/www.schwalbenrast.de\/index.php\/wp-json\/wp\/v2\/types\/page"}],"author":[{"embeddable":true,"href":"https:\/\/www.schwalbenrast.de\/index.php\/wp-json\/wp\/v2\/users\/8"}],"replies":[{"embeddable":true,"href":"https:\/\/www.schwalbenrast.de\/index.php\/wp-json\/wp\/v2\/comments?post=8756"}],"version-history":[{"count":0,"href":"https:\/\/www.schwalbenrast.de\/index.php\/wp-json\/wp\/v2\/pages\/8756\/revisions"}],"wp:attachment":[{"href":"https:\/\/www.schwalbenrast.de\/index.php\/wp-json\/wp\/v2\/media?parent=8756"}],"curies":[{"name":"wp","href":"https:\/\/api.w.org\/{rel}","templated":true}]}}