{"id":3973,"date":"2020-11-17T16:21:03","date_gmt":"2020-11-17T15:21:03","guid":{"rendered":"https:\/\/duemmer.sytes.net\/?page_id=3973"},"modified":"2022-01-07T16:14:53","modified_gmt":"2022-01-07T15:14:53","slug":"weiter-2","status":"publish","type":"page","link":"https:\/\/www.schwalbenrast.de\/index.php\/weiter-2\/","title":{"rendered":"weiter Ferienwohnung Seglernest"},"content":{"rendered":"\t\t<div data-elementor-type=\"wp-page\" data-elementor-id=\"3973\" class=\"elementor elementor-3973\">\n\t\t\t\t\t\t<section class=\"elementor-section elementor-top-section elementor-element elementor-element-bc24faa elementor-section-boxed elementor-section-height-default elementor-section-height-default\" data-id=\"bc24faa\" data-element_type=\"section\" data-e-type=\"section\">\n\t\t\t\t\t\t<div class=\"elementor-container elementor-column-gap-default\">\n\t\t\t\t\t<div class=\"elementor-column elementor-col-100 elementor-top-column elementor-element elementor-element-b64e399\" data-id=\"b64e399\" data-element_type=\"column\" data-e-type=\"column\">\n\t\t\t<div class=\"elementor-widget-wrap elementor-element-populated\">\n\t\t\t\t\t\t<div class=\"elementor-element elementor-element-6037cc0 elementor-widget elementor-widget-text-editor\" data-id=\"6037cc0\" data-element_type=\"widget\" data-e-type=\"widget\" data-widget_type=\"text-editor.default\">\n\t\t\t\t<div class=\"elementor-widget-container\">\n\t\t\t\t\t\t\t\t\t<p><span style=\"font-size: medium;\">&#8230;Langeweile aufkommen kann. Auch der Blick aus den\u00a0 raumhohen Fenstern auf den alten &#8222;Englischen Hafen&#8220; mit seinem gesch\u00e4ftigen Treiben und den besonderen Naturerlebnissen<br \/>eines Hafens sorgen f\u00fcr Kurzweile schon beim Fr\u00fchst\u00fcck.<br \/>Spektakul\u00e4re Sonnenunterg\u00e4nge bereichern immer wieder die Abendstimmung. Gro\u00dfer Wert wurde auf Gem\u00fctlichkeit und Behaglichkeit <\/span><span style=\"font-size: medium;\">gelegt<\/span><span style=\"font-size: medium;\">, ohne auf Eleganz zu verzichten.<em><a href=\"https:\/\/www.schwalbenrast.de\/\"> &lt;- zur\u00fcck <\/a><\/em><br \/><\/span><\/p>\t\t\t\t\t\t\t\t<\/div>\n\t\t\t\t<\/div>\n\t\t\t\t\t<\/div>\n\t\t<\/div>\n\t\t\t\t\t<\/div>\n\t\t<\/section>\n\t\t\t\t<section class=\"elementor-section elementor-top-section elementor-element elementor-element-8f9c38e elementor-section-boxed elementor-section-height-default elementor-section-height-default\" data-id=\"8f9c38e\" data-element_type=\"section\" data-e-type=\"section\">\n\t\t\t\t\t\t<div class=\"elementor-container elementor-column-gap-default\">\n\t\t\t\t\t<div class=\"elementor-column elementor-col-100 elementor-top-column elementor-element elementor-element-1ed8eee\" data-id=\"1ed8eee\" data-element_type=\"column\" data-e-type=\"column\">\n\t\t\t<div class=\"elementor-widget-wrap elementor-element-populated\">\n\t\t\t\t\t\t<div class=\"elementor-element elementor-element-1bd9689 elementor-absolute elementor-widget elementor-widget-image\" data-id=\"1bd9689\" data-element_type=\"widget\" data-e-type=\"widget\" data-settings=\"{&quot;_position&quot;:&quot;absolute&quot;}\" data-widget_type=\"image.default\">\n\t\t\t\t<div class=\"elementor-widget-container\">\n\t\t\t\t\t\t\t\t\t\t\t\t\t\t\t<img fetchpriority=\"high\" decoding=\"async\" width=\"740\" height=\"599\" src=\"https:\/\/www.schwalbenrast.de\/wp-content\/uploads\/2020\/11\/moeve-schatten-links-1024x829.png\" class=\"attachment-large size-large wp-image-4141\" alt=\"\" srcset=\"https:\/\/www.schwalbenrast.de\/wp-content\/uploads\/2020\/11\/moeve-schatten-links-1024x829.png 1024w, https:\/\/www.schwalbenrast.de\/wp-content\/uploads\/2020\/11\/moeve-schatten-links-e1605722424609.png 300w, https:\/\/www.schwalbenrast.de\/wp-content\/uploads\/2020\/11\/moeve-schatten-links-768x622.png 768w\" sizes=\"100vw\" \/>\t\t\t\t\t\t\t\t\t\t\t\t\t\t\t<\/div>\n\t\t\t\t<\/div>\n\t\t\t\t<div class=\"elementor-element elementor-element-b7bc4d5 elementor-widget elementor-widget-spacer\" data-id=\"b7bc4d5\" data-element_type=\"widget\" data-e-type=\"widget\" data-widget_type=\"spacer.default\">\n\t\t\t\t<div class=\"elementor-widget-container\">\n\t\t\t\t\t\t\t<div class=\"elementor-spacer\">\n\t\t\t<div class=\"elementor-spacer-inner\"><\/div>\n\t\t<\/div>\n\t\t\t\t\t\t<\/div>\n\t\t\t\t<\/div>\n\t\t\t\t<div class=\"elementor-element elementor-element-caa9ba4 elementor-widget-divider--view-line elementor-invisible elementor-widget elementor-widget-divider\" data-id=\"caa9ba4\" data-element_type=\"widget\" data-e-type=\"widget\" data-settings=\"{&quot;_animation&quot;:&quot;zoomIn&quot;}\" data-widget_type=\"divider.default\">\n\t\t\t\t<div class=\"elementor-widget-container\">\n\t\t\t\t\t\t\t<div class=\"elementor-divider\">\n\t\t\t<span class=\"elementor-divider-separator\">\n\t\t\t\t\t\t<\/span>\n\t\t<\/div>\n\t\t\t\t\t\t<\/div>\n\t\t\t\t<\/div>\n\t\t\t\t\t<\/div>\n\t\t<\/div>\n\t\t\t\t\t<\/div>\n\t\t<\/section>\n\t\t\t\t<section class=\"elementor-section elementor-top-section elementor-element elementor-element-b38f870 elementor-section-boxed elementor-section-height-default elementor-section-height-default\" data-id=\"b38f870\" data-element_type=\"section\" data-e-type=\"section\">\n\t\t\t\t\t\t<div class=\"elementor-container elementor-column-gap-default\">\n\t\t\t\t\t<div class=\"elementor-column elementor-col-100 elementor-top-column elementor-element elementor-element-a075695\" data-id=\"a075695\" data-element_type=\"column\" data-e-type=\"column\">\n\t\t\t<div class=\"elementor-widget-wrap elementor-element-populated\">\n\t\t\t\t\t\t<div class=\"elementor-element elementor-element-a47e048 elementor-fixed elementor-widget elementor-widget-button\" data-id=\"a47e048\" data-element_type=\"widget\" data-e-type=\"widget\" data-settings=\"{&quot;_position&quot;:&quot;fixed&quot;}\" data-widget_type=\"button.default\">\n\t\t\t\t<div class=\"elementor-widget-container\">\n\t\t\t\t\t\t\t\t\t<div class=\"elementor-button-wrapper\">\n\t\t\t\t\t<a class=\"elementor-button elementor-button-link elementor-size-xs\" href=\"https:\/\/www.schwalbenrast.de\/\">\n\t\t\t\t\t\t<span class=\"elementor-button-content-wrapper\">\n\t\t\t\t\t\t<span class=\"elementor-button-icon\">\n\t\t\t\t<i aria-hidden=\"true\" class=\"fas fa-backward\"><\/i>\t\t\t<\/span>\n\t\t\t\t\t\t\t\t\t<span class=\"elementor-button-text\">STARTSEITE<\/span>\n\t\t\t\t\t<\/span>\n\t\t\t\t\t<\/a>\n\t\t\t\t<\/div>\n\t\t\t\t\t\t\t\t<\/div>\n\t\t\t\t<\/div>\n\t\t\t\t\t<\/div>\n\t\t<\/div>\n\t\t\t\t\t<\/div>\n\t\t<\/section>\n\t\t\t\t<\/div>\n\t\t","protected":false},"excerpt":{"rendered":"<p>&#8230;Langeweile aufkommen kann. Auch der Blick aus den\u00a0 raumhohen Fenstern auf den alten &#8222;Englischen Hafen&#8220; mit seinem gesch\u00e4ftigen Treiben und den besonderen Naturerlebnisseneines Hafens sorgen f\u00fcr Kurzweile schon beim Fr\u00fchst\u00fcck.Spektakul\u00e4re Sonnenunterg\u00e4nge bereichern immer wieder die Abendstimmung. Gro\u00dfer Wert wurde auf Gem\u00fctlichkeit und Behaglichkeit gelegt, ohne auf Eleganz zu verzichten. &lt;- zur\u00fcck STARTSEITE<\/p>\n","protected":false},"author":8,"featured_media":0,"parent":0,"menu_order":0,"comment_status":"closed","ping_status":"closed","template":"","meta":{"footnotes":""},"class_list":["post-3973","page","type-page","status-publish","hentry"],"yoast_head":"<!-- This site is optimized with the Yoast SEO plugin v27.3 - https:\/\/yoast.com\/product\/yoast-seo-wordpress\/ -->\n<title>weiter Ferienwohnung Seglernest - Ihr Zuhause am D\u00fcmmersee<\/title>\n<meta name=\"robots\" content=\"index, follow, max-snippet:-1, max-image-preview:large, max-video-preview:-1\" \/>\n<link rel=\"canonical\" href=\"https:\/\/www.schwalbenrast.de\/index.php\/weiter-2\/\" \/>\n<meta property=\"og:locale\" content=\"de_DE\" \/>\n<meta property=\"og:type\" content=\"article\" \/>\n<meta property=\"og:title\" content=\"weiter Ferienwohnung Seglernest - Ihr Zuhause am D\u00fcmmersee\" \/>\n<meta property=\"og:description\" content=\"&#8230;Langeweile aufkommen kann. Auch der Blick aus den\u00a0 raumhohen Fenstern auf den alten &#8222;Englischen Hafen&#8220; mit seinem gesch\u00e4ftigen Treiben und den besonderen Naturerlebnisseneines Hafens sorgen f\u00fcr Kurzweile schon beim Fr\u00fchst\u00fcck.Spektakul\u00e4re Sonnenunterg\u00e4nge bereichern immer wieder die Abendstimmung. Gro\u00dfer Wert wurde auf Gem\u00fctlichkeit und Behaglichkeit gelegt, ohne auf Eleganz zu verzichten. &lt;- zur\u00fcck STARTSEITE\" \/>\n<meta property=\"og:url\" content=\"https:\/\/www.schwalbenrast.de\/index.php\/weiter-2\/\" \/>\n<meta property=\"og:site_name\" content=\"Ihr Zuhause am D\u00fcmmersee\" \/>\n<meta property=\"article:modified_time\" content=\"2022-01-07T15:14:53+00:00\" \/>\n<meta property=\"og:image\" content=\"https:\/\/www.schwalbenrast.de\/wp-content\/uploads\/2020\/11\/moeve-schatten-links-1024x829.png\" \/>\n<meta name=\"twitter:card\" content=\"summary_large_image\" \/>\n<meta name=\"twitter:label1\" content=\"Gesch\u00e4tzte Lesezeit\" \/>\n\t<meta name=\"twitter:data1\" content=\"1\u00a0Minute\" \/>\n<script type=\"application\/ld+json\" class=\"yoast-schema-graph\">{\"@context\":\"https:\\\/\\\/schema.org\",\"@graph\":[{\"@type\":\"WebPage\",\"@id\":\"https:\\\/\\\/www.schwalbenrast.de\\\/index.php\\\/weiter-2\\\/\",\"url\":\"https:\\\/\\\/www.schwalbenrast.de\\\/index.php\\\/weiter-2\\\/\",\"name\":\"weiter Ferienwohnung Seglernest - Ihr Zuhause am D\u00fcmmersee\",\"isPartOf\":{\"@id\":\"https:\\\/\\\/www.schwalbenrast.de\\\/#website\"},\"primaryImageOfPage\":{\"@id\":\"https:\\\/\\\/www.schwalbenrast.de\\\/index.php\\\/weiter-2\\\/#primaryimage\"},\"image\":{\"@id\":\"https:\\\/\\\/www.schwalbenrast.de\\\/index.php\\\/weiter-2\\\/#primaryimage\"},\"thumbnailUrl\":\"https:\\\/\\\/www.schwalbenrast.de\\\/wp-content\\\/uploads\\\/2020\\\/11\\\/moeve-schatten-links-1024x829.png\",\"datePublished\":\"2020-11-17T15:21:03+00:00\",\"dateModified\":\"2022-01-07T15:14:53+00:00\",\"breadcrumb\":{\"@id\":\"https:\\\/\\\/www.schwalbenrast.de\\\/index.php\\\/weiter-2\\\/#breadcrumb\"},\"inLanguage\":\"de\",\"potentialAction\":[{\"@type\":\"ReadAction\",\"target\":[\"https:\\\/\\\/www.schwalbenrast.de\\\/index.php\\\/weiter-2\\\/\"]}]},{\"@type\":\"ImageObject\",\"inLanguage\":\"de\",\"@id\":\"https:\\\/\\\/www.schwalbenrast.de\\\/index.php\\\/weiter-2\\\/#primaryimage\",\"url\":\"https:\\\/\\\/www.schwalbenrast.de\\\/wp-content\\\/uploads\\\/2020\\\/11\\\/moeve-schatten-links-1024x829.png\",\"contentUrl\":\"https:\\\/\\\/www.schwalbenrast.de\\\/wp-content\\\/uploads\\\/2020\\\/11\\\/moeve-schatten-links-1024x829.png\"},{\"@type\":\"BreadcrumbList\",\"@id\":\"https:\\\/\\\/www.schwalbenrast.de\\\/index.php\\\/weiter-2\\\/#breadcrumb\",\"itemListElement\":[{\"@type\":\"ListItem\",\"position\":1,\"name\":\"Startseite\",\"item\":\"https:\\\/\\\/www.schwalbenrast.de\\\/\"},{\"@type\":\"ListItem\",\"position\":2,\"name\":\"weiter Ferienwohnung Seglernest\"}]},{\"@type\":\"WebSite\",\"@id\":\"https:\\\/\\\/www.schwalbenrast.de\\\/#website\",\"url\":\"https:\\\/\\\/www.schwalbenrast.de\\\/\",\"name\":\"Ihr Zuhause am D\u00fcmmersee\",\"description\":\"Ferienhaus Schwalbenrast & Ferienwohnung Seglernest\",\"potentialAction\":[{\"@type\":\"SearchAction\",\"target\":{\"@type\":\"EntryPoint\",\"urlTemplate\":\"https:\\\/\\\/www.schwalbenrast.de\\\/?s={search_term_string}\"},\"query-input\":{\"@type\":\"PropertyValueSpecification\",\"valueRequired\":true,\"valueName\":\"search_term_string\"}}],\"inLanguage\":\"de\"}]}<\/script>\n<!-- \/ Yoast SEO plugin. -->","yoast_head_json":{"title":"weiter Ferienwohnung Seglernest - Ihr Zuhause am D\u00fcmmersee","robots":{"index":"index","follow":"follow","max-snippet":"max-snippet:-1","max-image-preview":"max-image-preview:large","max-video-preview":"max-video-preview:-1"},"canonical":"https:\/\/www.schwalbenrast.de\/index.php\/weiter-2\/","og_locale":"de_DE","og_type":"article","og_title":"weiter Ferienwohnung Seglernest - Ihr Zuhause am D\u00fcmmersee","og_description":"&#8230;Langeweile aufkommen kann. Auch der Blick aus den\u00a0 raumhohen Fenstern auf den alten &#8222;Englischen Hafen&#8220; mit seinem gesch\u00e4ftigen Treiben und den besonderen Naturerlebnisseneines Hafens sorgen f\u00fcr Kurzweile schon beim Fr\u00fchst\u00fcck.Spektakul\u00e4re Sonnenunterg\u00e4nge bereichern immer wieder die Abendstimmung. Gro\u00dfer Wert wurde auf Gem\u00fctlichkeit und Behaglichkeit gelegt, ohne auf Eleganz zu verzichten. &lt;- zur\u00fcck STARTSEITE","og_url":"https:\/\/www.schwalbenrast.de\/index.php\/weiter-2\/","og_site_name":"Ihr Zuhause am D\u00fcmmersee","article_modified_time":"2022-01-07T15:14:53+00:00","og_image":[{"url":"https:\/\/www.schwalbenrast.de\/wp-content\/uploads\/2020\/11\/moeve-schatten-links-1024x829.png","type":"","width":"","height":""}],"twitter_card":"summary_large_image","twitter_misc":{"Gesch\u00e4tzte Lesezeit":"1\u00a0Minute"},"schema":{"@context":"https:\/\/schema.org","@graph":[{"@type":"WebPage","@id":"https:\/\/www.schwalbenrast.de\/index.php\/weiter-2\/","url":"https:\/\/www.schwalbenrast.de\/index.php\/weiter-2\/","name":"weiter Ferienwohnung Seglernest - Ihr Zuhause am D\u00fcmmersee","isPartOf":{"@id":"https:\/\/www.schwalbenrast.de\/#website"},"primaryImageOfPage":{"@id":"https:\/\/www.schwalbenrast.de\/index.php\/weiter-2\/#primaryimage"},"image":{"@id":"https:\/\/www.schwalbenrast.de\/index.php\/weiter-2\/#primaryimage"},"thumbnailUrl":"https:\/\/www.schwalbenrast.de\/wp-content\/uploads\/2020\/11\/moeve-schatten-links-1024x829.png","datePublished":"2020-11-17T15:21:03+00:00","dateModified":"2022-01-07T15:14:53+00:00","breadcrumb":{"@id":"https:\/\/www.schwalbenrast.de\/index.php\/weiter-2\/#breadcrumb"},"inLanguage":"de","potentialAction":[{"@type":"ReadAction","target":["https:\/\/www.schwalbenrast.de\/index.php\/weiter-2\/"]}]},{"@type":"ImageObject","inLanguage":"de","@id":"https:\/\/www.schwalbenrast.de\/index.php\/weiter-2\/#primaryimage","url":"https:\/\/www.schwalbenrast.de\/wp-content\/uploads\/2020\/11\/moeve-schatten-links-1024x829.png","contentUrl":"https:\/\/www.schwalbenrast.de\/wp-content\/uploads\/2020\/11\/moeve-schatten-links-1024x829.png"},{"@type":"BreadcrumbList","@id":"https:\/\/www.schwalbenrast.de\/index.php\/weiter-2\/#breadcrumb","itemListElement":[{"@type":"ListItem","position":1,"name":"Startseite","item":"https:\/\/www.schwalbenrast.de\/"},{"@type":"ListItem","position":2,"name":"weiter Ferienwohnung Seglernest"}]},{"@type":"WebSite","@id":"https:\/\/www.schwalbenrast.de\/#website","url":"https:\/\/www.schwalbenrast.de\/","name":"Ihr Zuhause am D\u00fcmmersee","description":"Ferienhaus Schwalbenrast & Ferienwohnung Seglernest","potentialAction":[{"@type":"SearchAction","target":{"@type":"EntryPoint","urlTemplate":"https:\/\/www.schwalbenrast.de\/?s={search_term_string}"},"query-input":{"@type":"PropertyValueSpecification","valueRequired":true,"valueName":"search_term_string"}}],"inLanguage":"de"}]}},"_links":{"self":[{"href":"https:\/\/www.schwalbenrast.de\/index.php\/wp-json\/wp\/v2\/pages\/3973","targetHints":{"allow":["GET"]}}],"collection":[{"href":"https:\/\/www.schwalbenrast.de\/index.php\/wp-json\/wp\/v2\/pages"}],"about":[{"href":"https:\/\/www.schwalbenrast.de\/index.php\/wp-json\/wp\/v2\/types\/page"}],"author":[{"embeddable":true,"href":"https:\/\/www.schwalbenrast.de\/index.php\/wp-json\/wp\/v2\/users\/8"}],"replies":[{"embeddable":true,"href":"https:\/\/www.schwalbenrast.de\/index.php\/wp-json\/wp\/v2\/comments?post=3973"}],"version-history":[{"count":0,"href":"https:\/\/www.schwalbenrast.de\/index.php\/wp-json\/wp\/v2\/pages\/3973\/revisions"}],"wp:attachment":[{"href":"https:\/\/www.schwalbenrast.de\/index.php\/wp-json\/wp\/v2\/media?parent=3973"}],"curies":[{"name":"wp","href":"https:\/\/api.w.org\/{rel}","templated":true}]}}