{"id":3962,"date":"2020-11-17T16:11:11","date_gmt":"2020-11-17T15:11:11","guid":{"rendered":"https:\/\/duemmer.sytes.net\/?page_id=3962"},"modified":"2022-01-07T16:19:47","modified_gmt":"2022-01-07T15:19:47","slug":"weiter","status":"publish","type":"page","link":"https:\/\/www.schwalbenrast.de\/index.php\/weiter\/","title":{"rendered":"weiter Schwalbenrast"},"content":{"rendered":"\t\t<div data-elementor-type=\"wp-page\" data-elementor-id=\"3962\" class=\"elementor elementor-3962\">\n\t\t\t\t\t\t<section class=\"elementor-section elementor-top-section elementor-element elementor-element-502c2536 elementor-section-boxed elementor-section-height-default elementor-section-height-default\" data-id=\"502c2536\" data-element_type=\"section\" data-e-type=\"section\">\n\t\t\t\t\t\t<div class=\"elementor-container elementor-column-gap-default\">\n\t\t\t\t\t<div class=\"elementor-column elementor-col-100 elementor-top-column elementor-element elementor-element-1a521438\" data-id=\"1a521438\" data-element_type=\"column\" data-e-type=\"column\">\n\t\t\t<div class=\"elementor-widget-wrap elementor-element-populated\">\n\t\t\t\t\t\t<div class=\"elementor-element elementor-element-544853d8 elementor-widget elementor-widget-text-editor\" data-id=\"544853d8\" data-element_type=\"widget\" data-e-type=\"widget\" data-widget_type=\"text-editor.default\">\n\t\t\t\t<div class=\"elementor-widget-container\">\n\t\t\t\t\t\t\t\t\t<p>&#8230;Natur nicht zu verstellen.\u00a0 Das Haus besteht aus zwei Etagen: <br \/>Der unteren Etage, die nur aus K\u00fcche, Esszimmer und Wohnzimmer besteht. So steht f\u00fcr die einzelnen Zimmer besonders viel Raum zur Verf\u00fcgung. <br \/>Und der oberen Etage des Hauses mit den beiden Schlafzimmern, dem Bad und dem kleinen Flur. Alle R\u00e4ume sind hier schnell durch den kurzen, zentral gelegenen Flur zu erreichen. <br \/>Die Gartenlaube kann direkt vom Esszimmer aus betreten werden, so dass man trockenen Fu\u00dfes sogar bei leichtem Regen auch hier seine Mahlzeiten einnehmen kann. Da die Gartenlaube komplett von Laubenb\u00e4umen eingerahmt ist, kann man hier im Sommer auch bei schw\u00fclen Temperaturen den erstaunlichen K\u00fchleffekt von B\u00e4umen genie\u00dfen. <a href=\"https:\/\/www.schwalbenrast.de\/\"><em><strong>&lt;-zur\u00fcck<\/strong><\/em><\/a><\/p><p>\u00a0<\/p>\t\t\t\t\t\t\t\t<\/div>\n\t\t\t\t<\/div>\n\t\t\t\t\t<\/div>\n\t\t<\/div>\n\t\t\t\t\t<\/div>\n\t\t<\/section>\n\t\t\t\t<section class=\"elementor-section elementor-top-section elementor-element elementor-element-af4d180 elementor-section-boxed elementor-section-height-default elementor-section-height-default\" data-id=\"af4d180\" data-element_type=\"section\" data-e-type=\"section\">\n\t\t\t\t\t\t<div class=\"elementor-container elementor-column-gap-default\">\n\t\t\t\t\t<div class=\"elementor-column elementor-col-100 elementor-top-column elementor-element elementor-element-692daab\" data-id=\"692daab\" data-element_type=\"column\" data-e-type=\"column\">\n\t\t\t<div class=\"elementor-widget-wrap elementor-element-populated\">\n\t\t\t\t\t\t<div class=\"elementor-element elementor-element-a657fe2 elementor-fixed elementor-widget elementor-widget-button\" data-id=\"a657fe2\" data-element_type=\"widget\" data-e-type=\"widget\" data-settings=\"{&quot;_position&quot;:&quot;fixed&quot;}\" data-widget_type=\"button.default\">\n\t\t\t\t<div class=\"elementor-widget-container\">\n\t\t\t\t\t\t\t\t\t<div class=\"elementor-button-wrapper\">\n\t\t\t\t\t<a class=\"elementor-button elementor-button-link elementor-size-xs\" href=\"https:\/\/www.schwalbenrast.de\/\">\n\t\t\t\t\t\t<span class=\"elementor-button-content-wrapper\">\n\t\t\t\t\t\t<span class=\"elementor-button-icon\">\n\t\t\t\t<i aria-hidden=\"true\" class=\"fas fa-backward\"><\/i>\t\t\t<\/span>\n\t\t\t\t\t\t\t\t\t<span class=\"elementor-button-text\">STARTSEITE<\/span>\n\t\t\t\t\t<\/span>\n\t\t\t\t\t<\/a>\n\t\t\t\t<\/div>\n\t\t\t\t\t\t\t\t<\/div>\n\t\t\t\t<\/div>\n\t\t\t\t\t<\/div>\n\t\t<\/div>\n\t\t\t\t\t<\/div>\n\t\t<\/section>\n\t\t\t\t<\/div>\n\t\t","protected":false},"excerpt":{"rendered":"<p>&#8230;Natur nicht zu verstellen.\u00a0 Das Haus besteht aus zwei Etagen: Der unteren Etage, die nur aus K\u00fcche, Esszimmer und Wohnzimmer besteht. So steht f\u00fcr die einzelnen Zimmer besonders viel Raum zur Verf\u00fcgung. Und der oberen Etage des Hauses mit den beiden Schlafzimmern, dem Bad und dem kleinen Flur. Alle R\u00e4ume sind hier schnell durch den &hellip; <\/p>\n<p class=\"link-more\"><a href=\"https:\/\/www.schwalbenrast.de\/index.php\/weiter\/\" class=\"more-link\"><span class=\"screen-reader-text\">\u201eweiter Schwalbenrast\u201c <\/span>weiterlesen<\/a><\/p>\n","protected":false},"author":8,"featured_media":0,"parent":0,"menu_order":0,"comment_status":"closed","ping_status":"closed","template":"","meta":{"footnotes":""},"class_list":["post-3962","page","type-page","status-publish","hentry"],"yoast_head":"<!-- This site is optimized with the Yoast SEO plugin v27.3 - https:\/\/yoast.com\/product\/yoast-seo-wordpress\/ -->\n<title>weiter Schwalbenrast - Ihr Zuhause am D\u00fcmmersee<\/title>\n<meta name=\"robots\" content=\"index, follow, max-snippet:-1, max-image-preview:large, max-video-preview:-1\" \/>\n<link rel=\"canonical\" href=\"https:\/\/www.schwalbenrast.de\/index.php\/weiter\/\" \/>\n<meta property=\"og:locale\" content=\"de_DE\" \/>\n<meta property=\"og:type\" content=\"article\" \/>\n<meta property=\"og:title\" content=\"weiter Schwalbenrast - Ihr Zuhause am D\u00fcmmersee\" \/>\n<meta property=\"og:description\" content=\"&#8230;Natur nicht zu verstellen.\u00a0 Das Haus besteht aus zwei Etagen: Der unteren Etage, die nur aus K\u00fcche, Esszimmer und Wohnzimmer besteht. So steht f\u00fcr die einzelnen Zimmer besonders viel Raum zur Verf\u00fcgung. Und der oberen Etage des Hauses mit den beiden Schlafzimmern, dem Bad und dem kleinen Flur. Alle R\u00e4ume sind hier schnell durch den &hellip; \u201eweiter Schwalbenrast\u201c weiterlesen\" \/>\n<meta property=\"og:url\" content=\"https:\/\/www.schwalbenrast.de\/index.php\/weiter\/\" \/>\n<meta property=\"og:site_name\" content=\"Ihr Zuhause am D\u00fcmmersee\" \/>\n<meta property=\"article:modified_time\" content=\"2022-01-07T15:19:47+00:00\" \/>\n<meta name=\"twitter:card\" content=\"summary_large_image\" \/>\n<meta name=\"twitter:label1\" content=\"Gesch\u00e4tzte Lesezeit\" \/>\n\t<meta name=\"twitter:data1\" content=\"1\u00a0Minute\" \/>\n<script type=\"application\/ld+json\" class=\"yoast-schema-graph\">{\"@context\":\"https:\\\/\\\/schema.org\",\"@graph\":[{\"@type\":\"WebPage\",\"@id\":\"https:\\\/\\\/www.schwalbenrast.de\\\/index.php\\\/weiter\\\/\",\"url\":\"https:\\\/\\\/www.schwalbenrast.de\\\/index.php\\\/weiter\\\/\",\"name\":\"weiter Schwalbenrast - Ihr Zuhause am D\u00fcmmersee\",\"isPartOf\":{\"@id\":\"https:\\\/\\\/www.schwalbenrast.de\\\/#website\"},\"datePublished\":\"2020-11-17T15:11:11+00:00\",\"dateModified\":\"2022-01-07T15:19:47+00:00\",\"breadcrumb\":{\"@id\":\"https:\\\/\\\/www.schwalbenrast.de\\\/index.php\\\/weiter\\\/#breadcrumb\"},\"inLanguage\":\"de\",\"potentialAction\":[{\"@type\":\"ReadAction\",\"target\":[\"https:\\\/\\\/www.schwalbenrast.de\\\/index.php\\\/weiter\\\/\"]}]},{\"@type\":\"BreadcrumbList\",\"@id\":\"https:\\\/\\\/www.schwalbenrast.de\\\/index.php\\\/weiter\\\/#breadcrumb\",\"itemListElement\":[{\"@type\":\"ListItem\",\"position\":1,\"name\":\"Startseite\",\"item\":\"https:\\\/\\\/www.schwalbenrast.de\\\/\"},{\"@type\":\"ListItem\",\"position\":2,\"name\":\"weiter Schwalbenrast\"}]},{\"@type\":\"WebSite\",\"@id\":\"https:\\\/\\\/www.schwalbenrast.de\\\/#website\",\"url\":\"https:\\\/\\\/www.schwalbenrast.de\\\/\",\"name\":\"Ihr Zuhause am D\u00fcmmersee\",\"description\":\"Ferienhaus Schwalbenrast & Ferienwohnung Seglernest\",\"potentialAction\":[{\"@type\":\"SearchAction\",\"target\":{\"@type\":\"EntryPoint\",\"urlTemplate\":\"https:\\\/\\\/www.schwalbenrast.de\\\/?s={search_term_string}\"},\"query-input\":{\"@type\":\"PropertyValueSpecification\",\"valueRequired\":true,\"valueName\":\"search_term_string\"}}],\"inLanguage\":\"de\"}]}<\/script>\n<!-- \/ Yoast SEO plugin. -->","yoast_head_json":{"title":"weiter Schwalbenrast - Ihr Zuhause am D\u00fcmmersee","robots":{"index":"index","follow":"follow","max-snippet":"max-snippet:-1","max-image-preview":"max-image-preview:large","max-video-preview":"max-video-preview:-1"},"canonical":"https:\/\/www.schwalbenrast.de\/index.php\/weiter\/","og_locale":"de_DE","og_type":"article","og_title":"weiter Schwalbenrast - Ihr Zuhause am D\u00fcmmersee","og_description":"&#8230;Natur nicht zu verstellen.\u00a0 Das Haus besteht aus zwei Etagen: Der unteren Etage, die nur aus K\u00fcche, Esszimmer und Wohnzimmer besteht. So steht f\u00fcr die einzelnen Zimmer besonders viel Raum zur Verf\u00fcgung. Und der oberen Etage des Hauses mit den beiden Schlafzimmern, dem Bad und dem kleinen Flur. Alle R\u00e4ume sind hier schnell durch den &hellip; \u201eweiter Schwalbenrast\u201c weiterlesen","og_url":"https:\/\/www.schwalbenrast.de\/index.php\/weiter\/","og_site_name":"Ihr Zuhause am D\u00fcmmersee","article_modified_time":"2022-01-07T15:19:47+00:00","twitter_card":"summary_large_image","twitter_misc":{"Gesch\u00e4tzte Lesezeit":"1\u00a0Minute"},"schema":{"@context":"https:\/\/schema.org","@graph":[{"@type":"WebPage","@id":"https:\/\/www.schwalbenrast.de\/index.php\/weiter\/","url":"https:\/\/www.schwalbenrast.de\/index.php\/weiter\/","name":"weiter Schwalbenrast - Ihr Zuhause am D\u00fcmmersee","isPartOf":{"@id":"https:\/\/www.schwalbenrast.de\/#website"},"datePublished":"2020-11-17T15:11:11+00:00","dateModified":"2022-01-07T15:19:47+00:00","breadcrumb":{"@id":"https:\/\/www.schwalbenrast.de\/index.php\/weiter\/#breadcrumb"},"inLanguage":"de","potentialAction":[{"@type":"ReadAction","target":["https:\/\/www.schwalbenrast.de\/index.php\/weiter\/"]}]},{"@type":"BreadcrumbList","@id":"https:\/\/www.schwalbenrast.de\/index.php\/weiter\/#breadcrumb","itemListElement":[{"@type":"ListItem","position":1,"name":"Startseite","item":"https:\/\/www.schwalbenrast.de\/"},{"@type":"ListItem","position":2,"name":"weiter Schwalbenrast"}]},{"@type":"WebSite","@id":"https:\/\/www.schwalbenrast.de\/#website","url":"https:\/\/www.schwalbenrast.de\/","name":"Ihr Zuhause am D\u00fcmmersee","description":"Ferienhaus Schwalbenrast & Ferienwohnung Seglernest","potentialAction":[{"@type":"SearchAction","target":{"@type":"EntryPoint","urlTemplate":"https:\/\/www.schwalbenrast.de\/?s={search_term_string}"},"query-input":{"@type":"PropertyValueSpecification","valueRequired":true,"valueName":"search_term_string"}}],"inLanguage":"de"}]}},"_links":{"self":[{"href":"https:\/\/www.schwalbenrast.de\/index.php\/wp-json\/wp\/v2\/pages\/3962","targetHints":{"allow":["GET"]}}],"collection":[{"href":"https:\/\/www.schwalbenrast.de\/index.php\/wp-json\/wp\/v2\/pages"}],"about":[{"href":"https:\/\/www.schwalbenrast.de\/index.php\/wp-json\/wp\/v2\/types\/page"}],"author":[{"embeddable":true,"href":"https:\/\/www.schwalbenrast.de\/index.php\/wp-json\/wp\/v2\/users\/8"}],"replies":[{"embeddable":true,"href":"https:\/\/www.schwalbenrast.de\/index.php\/wp-json\/wp\/v2\/comments?post=3962"}],"version-history":[{"count":0,"href":"https:\/\/www.schwalbenrast.de\/index.php\/wp-json\/wp\/v2\/pages\/3962\/revisions"}],"wp:attachment":[{"href":"https:\/\/www.schwalbenrast.de\/index.php\/wp-json\/wp\/v2\/media?parent=3962"}],"curies":[{"name":"wp","href":"https:\/\/api.w.org\/{rel}","templated":true}]}}