{"id":1617,"date":"2020-10-19T16:14:32","date_gmt":"2020-10-19T14:14:32","guid":{"rendered":"http:\/\/192.168.188.66\/wordpress1\/?page_id=1617"},"modified":"2024-03-11T16:39:19","modified_gmt":"2024-03-11T15:39:19","slug":"preise-ferienwohnung-seglernest","status":"publish","type":"page","link":"https:\/\/www.schwalbenrast.de\/index.php\/preise-ferienwohnung-seglernest\/","title":{"rendered":"Preis  Ferienwohnung"},"content":{"rendered":"<p style=\"text-align: left;\"><span style=\"color: #3366ff;\"><a style=\"color: #3366ff;\" href=\"https:\/\/www.schwalbenrast.de\"><strong><span style=\"font-size: 14px;\"><span style=\"color: #00ccff;\"><span style=\"color: #1eb1eb;\"><span style=\"color: #759ceb;\"><span style=\"color: #3b73e3;\">\u21d0 STARTSEITE<\/span><\/span><\/span><\/span><\/span><\/strong><\/a><\/span><\/p>\n<p>&nbsp;<\/p>\n<p style=\"text-align: center;\"><img decoding=\"async\" class=\"wp-image-69 aligncenter lazyload\" data-src=\"https:\/\/www.schwalbenrast.de\/wp-content\/uploads\/2020\/10\/Sterne-300x51.png\" alt=\"\" width=\"170\" height=\"29\" src=\"data:image\/svg+xml;base64,PHN2ZyB3aWR0aD0iMSIgaGVpZ2h0PSIxIiB4bWxucz0iaHR0cDovL3d3dy53My5vcmcvMjAwMC9zdmciPjwvc3ZnPg==\" style=\"--smush-placeholder-width: 170px; --smush-placeholder-aspect-ratio: 170\/29;\" \/><em><em><strong><span style=\"font-size: 20px;\">zertifizierte Ferienwohnung f\u00fcr 2 Erwachsene <\/span><\/strong><\/em><\/em><\/p>\n<p style=\"text-align: center;\"><em><em><strong><span style=\"font-size: 20px;\">inkl. aller Leistungen Komplettpreis<br \/>\n<\/span><\/strong><\/em><\/em><\/p>\n<hr \/>\n<p style=\"text-align: justify;\"><span style=\"font-size: 14px;\"><img decoding=\"async\" class=\"wp-image-4249 alignleft lazyload\" data-src=\"https:\/\/www.schwalbenrast.de\/wp-content\/uploads\/2020\/11\/seglernest-300x127.png\" alt=\"\" width=\"181\" height=\"77\" src=\"data:image\/svg+xml;base64,PHN2ZyB3aWR0aD0iMSIgaGVpZ2h0PSIxIiB4bWxucz0iaHR0cDovL3d3dy53My5vcmcvMjAwMC9zdmciPjwvc3ZnPg==\" style=\"--smush-placeholder-width: 181px; --smush-placeholder-aspect-ratio: 181\/77;\" \/><\/span><span class=\"Stil5\"><img decoding=\"async\" class=\"lg-object lg-image lazyload\" data-src=\"https:\/\/images.emojiterra.com\/google\/noto-emoji\/unicode-15.1\/color\/1024px\/1f535.png\" alt=\"Google (Noto Color Emoji - Unicode 15.1)\" width=\"15\" height=\"15\" data-index=\"0\" src=\"data:image\/svg+xml;base64,PHN2ZyB3aWR0aD0iMSIgaGVpZ2h0PSIxIiB4bWxucz0iaHR0cDovL3d3dy53My5vcmcvMjAwMC9zdmciPjwvc3ZnPg==\" style=\"--smush-placeholder-width: 15px; --smush-placeholder-aspect-ratio: 15\/15;\" \/>\u00a0Die Wohnung liegt <em><strong>parterre<\/strong><\/em> in einer wundersch\u00f6nen ruhigen\u00a0 <em><strong>Ferienwohnanlage<\/strong><\/em> auf einem<em> 8.500 qm &#8211; Grundst\u00fcck <\/em>(getrennt von den Tagestouristen durch verschlie\u00dfbare Tore ) <\/span><\/p>\n<p style=\"text-align: justify;\"><span class=\"Stil5\"><strong>mit direktem Blick auf den D\u00fcmmersee<\/strong><\/span><\/p>\n<p style=\"text-align: justify;\"><em><strong><img decoding=\"async\" class=\"lg-object lg-image lazyload\" data-src=\"https:\/\/images.emojiterra.com\/google\/noto-emoji\/unicode-15.1\/color\/1024px\/1f535.png\" alt=\"Google (Noto Color Emoji - Unicode 15.1)\" width=\"14\" height=\"14\" data-index=\"0\" src=\"data:image\/svg+xml;base64,PHN2ZyB3aWR0aD0iMSIgaGVpZ2h0PSIxIiB4bWxucz0iaHR0cDovL3d3dy53My5vcmcvMjAwMC9zdmciPjwvc3ZnPg==\" style=\"--smush-placeholder-width: 14px; --smush-placeholder-aspect-ratio: 14\/14;\" \/>\u00a0Nichtraucherwohnung<\/strong>\u00a0<\/em><\/p>\n<div id=\"ff_div114\">\n<p><em><strong><img decoding=\"async\" class=\"lg-object lg-image lazyload\" data-src=\"https:\/\/images.emojiterra.com\/google\/noto-emoji\/unicode-15.1\/color\/1024px\/1f535.png\" alt=\"Google (Noto Color Emoji - Unicode 15.1)\" width=\"14\" height=\"14\" data-index=\"0\" src=\"data:image\/svg+xml;base64,PHN2ZyB3aWR0aD0iMSIgaGVpZ2h0PSIxIiB4bWxucz0iaHR0cDovL3d3dy53My5vcmcvMjAwMC9zdmciPjwvc3ZnPg==\" style=\"--smush-placeholder-width: 14px; --smush-placeholder-aspect-ratio: 14\/14;\" \/>\u00a0Esszimmer &#8211; Stube \u00a0<\/strong><\/em> gr. Fenster mit Blick direkt auf den D\u00fcmmersee, Smart-TV, Stereoanlage, \u00a0Mediathek&#8230;<\/p>\n<p><strong><em>\u00a0<img decoding=\"async\" class=\"lg-object lg-image lazyload\" data-src=\"https:\/\/images.emojiterra.com\/google\/noto-emoji\/unicode-15.1\/color\/1024px\/1f535.png\" alt=\"Google (Noto Color Emoji - Unicode 15.1)\" width=\"14\" height=\"14\" data-index=\"0\" src=\"data:image\/svg+xml;base64,PHN2ZyB3aWR0aD0iMSIgaGVpZ2h0PSIxIiB4bWxucz0iaHR0cDovL3d3dy53My5vcmcvMjAwMC9zdmciPjwvc3ZnPg==\" style=\"--smush-placeholder-width: 14px; --smush-placeholder-aspect-ratio: 14\/14;\" \/> Internet und Telefon<\/em><\/strong>\u00a0 kostenlos telefonieren ins deutsche Fest- und Handynetz<\/p>\n<p><strong><em><img decoding=\"async\" class=\"lg-object lg-image lazyload\" data-src=\"https:\/\/images.emojiterra.com\/google\/noto-emoji\/unicode-15.1\/color\/1024px\/1f535.png\" alt=\"Google (Noto Color Emoji - Unicode 15.1)\" width=\"14\" height=\"14\" data-index=\"0\" src=\"data:image\/svg+xml;base64,PHN2ZyB3aWR0aD0iMSIgaGVpZ2h0PSIxIiB4bWxucz0iaHR0cDovL3d3dy53My5vcmcvMjAwMC9zdmciPjwvc3ZnPg==\" style=\"--smush-placeholder-width: 14px; --smush-placeholder-aspect-ratio: 14\/14;\" \/><\/em>\u00a0 <\/strong><em><strong>Komfortable K\u00fcche<\/strong><\/em> Vollausstattung: K\u00fchlschrank, Kaffemaschine, Geschirrsp\u00fclmaschine, Mikrowelle, Handt\u00fccher&#8230;<\/p>\n<\/div>\n<p><em><strong><img decoding=\"async\" class=\"lg-object lg-image lazyload\" data-src=\"https:\/\/images.emojiterra.com\/google\/noto-emoji\/unicode-15.1\/color\/1024px\/1f535.png\" alt=\"Google (Noto Color Emoji - Unicode 15.1)\" width=\"14\" height=\"14\" data-index=\"0\" src=\"data:image\/svg+xml;base64,PHN2ZyB3aWR0aD0iMSIgaGVpZ2h0PSIxIiB4bWxucz0iaHR0cDovL3d3dy53My5vcmcvMjAwMC9zdmciPjwvc3ZnPg==\" style=\"--smush-placeholder-width: 14px; --smush-placeholder-aspect-ratio: 14\/14;\" \/>\u00a0Bad\u00a0 <\/strong><\/em>Dusche, WC,\u00a0 Bidet, \u00a0<em> <strong>Waschmaschine, W\u00e4schetrockner <\/strong><\/em>(Handt\u00fccher,\u00a0 Hygieneartikel&#8230; incl.)<\/p>\n<p><em><strong><img decoding=\"async\" class=\"lg-object lg-image lazyload\" data-src=\"https:\/\/images.emojiterra.com\/google\/noto-emoji\/unicode-15.1\/color\/1024px\/1f535.png\" alt=\"Google (Noto Color Emoji - Unicode 15.1)\" width=\"14\" height=\"14\" data-index=\"0\" src=\"data:image\/svg+xml;base64,PHN2ZyB3aWR0aD0iMSIgaGVpZ2h0PSIxIiB4bWxucz0iaHR0cDovL3d3dy53My5vcmcvMjAwMC9zdmciPjwvc3ZnPg==\" style=\"--smush-placeholder-width: 14px; --smush-placeholder-aspect-ratio: 14\/14;\" \/>\u00a0Gem\u00fctliches Schlafzimmer\u00a0<\/strong><\/em> mit &#8220; orig. Bockspringbett&#8220;\u00a0 , \u00a0Smart-TV\u00a0 (incl. Bettw\u00e4sche )<\/p>\n<p><em>\u00a0<strong><img decoding=\"async\" class=\"lg-object lg-image lazyload\" data-src=\"https:\/\/images.emojiterra.com\/google\/noto-emoji\/unicode-15.1\/color\/1024px\/1f535.png\" alt=\"Google (Noto Color Emoji - Unicode 15.1)\" width=\"14\" height=\"14\" data-index=\"0\" src=\"data:image\/svg+xml;base64,PHN2ZyB3aWR0aD0iMSIgaGVpZ2h0PSIxIiB4bWxucz0iaHR0cDovL3d3dy53My5vcmcvMjAwMC9zdmciPjwvc3ZnPg==\" style=\"--smush-placeholder-width: 14px; --smush-placeholder-aspect-ratio: 14\/14;\" \/><\/strong> <strong>Terrasse<\/strong><\/em> mit Beleuchtung, Stromanschluss, Internet, Sitzgruppe, Hollywoodschaukel<\/p>\n<p><em><strong><img decoding=\"async\" class=\"lg-object lg-image lazyload\" data-src=\"https:\/\/images.emojiterra.com\/google\/noto-emoji\/unicode-15.1\/color\/1024px\/1f535.png\" alt=\"Google (Noto Color Emoji - Unicode 15.1)\" width=\"14\" height=\"14\" data-index=\"0\" src=\"data:image\/svg+xml;base64,PHN2ZyB3aWR0aD0iMSIgaGVpZ2h0PSIxIiB4bWxucz0iaHR0cDovL3d3dy53My5vcmcvMjAwMC9zdmciPjwvc3ZnPg==\" style=\"--smush-placeholder-width: 14px; --smush-placeholder-aspect-ratio: 14\/14;\" \/>\u00a0PKW &#8211; Einstellplatz<\/strong><\/em> in der Tiefgarage mit\u00a0 direktem\u00a0 Zugang \u00a0zur Wohnung (Fahrstuhl oder Treppe) oder direkt vor dem Haus<\/p>\n<p><strong><em><img decoding=\"async\" class=\"lg-object lg-image lazyload\" data-src=\"https:\/\/images.emojiterra.com\/google\/noto-emoji\/unicode-15.1\/color\/1024px\/1f535.png\" alt=\"Google (Noto Color Emoji - Unicode 15.1)\" width=\"14\" height=\"14\" data-index=\"0\" src=\"data:image\/svg+xml;base64,PHN2ZyB3aWR0aD0iMSIgaGVpZ2h0PSIxIiB4bWxucz0iaHR0cDovL3d3dy53My5vcmcvMjAwMC9zdmciPjwvc3ZnPg==\" style=\"--smush-placeholder-width: 14px; --smush-placeholder-aspect-ratio: 14\/14;\" \/>\u00a0Fahrradeinstellplatz<\/em>\u00a0<\/strong> ein speziell abschlie\u00dfbares Nebengeb\u00e4ude als Fahrradhaus.<\/p>\n<p><strong><em><img decoding=\"async\" class=\"lg-object lg-image lazyload\" data-src=\"https:\/\/images.emojiterra.com\/google\/noto-emoji\/unicode-15.1\/color\/1024px\/1f535.png\" alt=\"Google (Noto Color Emoji - Unicode 15.1)\" width=\"14\" height=\"14\" data-index=\"0\" src=\"data:image\/svg+xml;base64,PHN2ZyB3aWR0aD0iMSIgaGVpZ2h0PSIxIiB4bWxucz0iaHR0cDovL3d3dy53My5vcmcvMjAwMC9zdmciPjwvc3ZnPg==\" style=\"--smush-placeholder-width: 14px; --smush-placeholder-aspect-ratio: 14\/14;\" \/>\u00a0<\/em><\/strong><strong><em>Fahrr\u00e4der<\/em> <\/strong>k\u00f6nnen beim nahe gelegenen Fahrradh\u00e4ndler Holly gemietet werden<\/p>\n<p><span class=\"Stil5\"> <em><strong><img decoding=\"async\" class=\"lg-object lg-image lazyload\" data-src=\"https:\/\/images.emojiterra.com\/google\/noto-emoji\/unicode-15.1\/color\/1024px\/1f535.png\" alt=\"Google (Noto Color Emoji - Unicode 15.1)\" width=\"14\" height=\"14\" data-index=\"0\" src=\"data:image\/svg+xml;base64,PHN2ZyB3aWR0aD0iMSIgaGVpZ2h0PSIxIiB4bWxucz0iaHR0cDovL3d3dy53My5vcmcvMjAwMC9zdmciPjwvc3ZnPg==\" style=\"--smush-placeholder-width: 14px; --smush-placeholder-aspect-ratio: 14\/14;\" \/><\/strong><\/em><em><strong> Elektronisch geregelte Heizungssteuerung<\/strong><\/em> (sehr einfach und effizient zu bedienen<\/span>)<\/p>\n<p><strong><em><img decoding=\"async\" class=\"lg-object lg-image lazyload\" data-src=\"https:\/\/images.emojiterra.com\/google\/noto-emoji\/unicode-15.1\/color\/1024px\/1f535.png\" alt=\"Google (Noto Color Emoji - Unicode 15.1)\" width=\"14\" height=\"14\" data-index=\"0\" src=\"data:image\/svg+xml;base64,PHN2ZyB3aWR0aD0iMSIgaGVpZ2h0PSIxIiB4bWxucz0iaHR0cDovL3d3dy53My5vcmcvMjAwMC9zdmciPjwvc3ZnPg==\" style=\"--smush-placeholder-width: 14px; --smush-placeholder-aspect-ratio: 14\/14;\" \/><\/em>\u00a0<em>Kunst <\/em><\/strong><em>Orginal Grafiken in der gesamten Wohnung unterstreichen das besondere Ambiente<br \/>\n<\/em><\/p>\n<p>&nbsp;<\/p>\n<p><em><a href=\"https:\/\/www.schwalbenrast.de\/index.php\/freie-termine\/\"><strong>\u00a0\u00a0&lt; <\/strong><\/a><a href=\"https:\/\/www.schwalbenrast.de\/index.php\/freie-termine\/\"><strong><span style=\"color: #0000ff;\"><span style=\"color: #99ccff;\"><span style=\"color: #00ccff;\"><span style=\"color: #000000;\">FREIE TERMINE<\/span><\/span><\/span><\/span><\/strong><\/a><\/em><\/p>\n<p>&nbsp;<\/p>\n<p style=\"text-align: left;\"><span style=\"font-size: 16px;\">Die <em><strong>\u00dcbergabe<\/strong> der Wohnung<\/em> erfolgt je nach Wunsch<em> pers\u00f6nlich oder durch Videoanleitung<\/em>. Der dann n\u00f6tige Pin zum <strong>Schl\u00fcsselsafe<\/strong>, wird Ihnen in der Buchungsbest\u00e4tigung\u00a0 ( E-Mail) mitgeteilt. Der Videobereich ist\u00a0 oben rechts in der Men\u00fcleiste. Kleine Videos zeigen Ihnen\u00a0 z.B. wie Sie an den Wohnungsschl\u00fcssel kommen,\u00a0 Ihren Parkplatz&#8230;<\/span><\/p>\n<table style=\"height: 389px; width: 91.6522%; border-collapse: collapse; border-color: #6895ed; background-color: #c9daf2;\">\n<tbody>\n<tr style=\"height: 26px;\">\n<td style=\"width: 3.21842%; height: 26px;\"><\/td>\n<td style=\"width: 45.2874%; height: 26px;\"><span style=\"font-size: 16px; color: #000000;\"><span style=\"font-size: 16px; color: #000000;\"><em><strong>\u00a0Die Wohnung ist ab <\/strong><\/em><\/span><\/span><\/p>\n<p><span style=\"font-size: 16px; color: #000000;\"><span style=\"font-size: 16px; color: #000000;\"><em><strong>4 \u00a0\u00dcbernachtungen \u00a0buchbar<\/strong><\/em><\/span><\/span><\/td>\n<td style=\"width: 14.9633%; height: 26px;\"><\/td>\n<td style=\"width: 13.9858%; height: 26px;\"><strong><span style=\"font-size: 14px;\">Sommer-saison<\/span><\/strong><\/td>\n<td style=\"width: 9.02256%; height: 26px;\"><strong><span style=\"font-size: 14px;\">Winter-saison<\/span><\/strong><\/td>\n<\/tr>\n<tr style=\"height: 79px;\">\n<td style=\"width: 3.21842%; height: 79px;\"><\/td>\n<td style=\"width: 45.2874%; height: 79px;\"><em><strong>\u00a0Pro Tag f\u00fcr 2 Personen<br \/>\n<\/strong><\/em><em>(All-inclusive)<\/em><\/td>\n<td style=\"width: 14.9633%; height: 79px;\"><em><br \/>\n\u20ac \/ <\/em><em>Nacht<\/em><\/td>\n<td style=\"width: 13.9858%; text-align: right; height: 79px;\">\n<p style=\"text-align: center;\"><em style=\"text-align: center; font-family: inherit; font-size: inherit;\">120\u20ac<\/em><\/p>\n<p style=\"text-align: center;\">\n<\/td>\n<td style=\"width: 9.02256%; height: 79px;\">\n<p style=\"text-align: center;\">125\u20ac<\/p>\n<\/td>\n<\/tr>\n<tr style=\"height: 26px;\">\n<td style=\"width: 3.21842%; height: 26px;\"><\/td>\n<td style=\"width: 45.2874%; height: 26px;\"><em><strong>Hund<\/strong><\/em><\/td>\n<td style=\"width: 14.9633%; height: 26px;\"><\/td>\n<td style=\"width: 13.9858%; height: 26px; text-align: center;\">10\u20ac<\/td>\n<td style=\"width: 9.02256%; height: 26px; text-align: center;\">10\u20ac<\/td>\n<\/tr>\n<tr style=\"height: 106px;\">\n<td style=\"width: 3.21842%; height: 106px;\"><\/td>\n<td style=\"width: 45.2874%; height: 106px;\"><strong>Bettw\u00e4sche \/ Handt\u00fccher \/ Grundnahrungsmittel \/ Hygieneartikel Festnetz-Telefon \/ Schnelles Internet <\/strong><strong><br \/>\n<\/strong><\/td>\n<td style=\"width: 14.9633%; height: 106px;\"><\/td>\n<td style=\"width: 13.9858%; height: 106px; text-align: center;\"><em><strong>0.-<\/strong><\/em><\/td>\n<td style=\"width: 9.02256%; height: 106px;\"><\/td>\n<\/tr>\n<tr style=\"height: 79px;\">\n<td style=\"width: 3.21842%; height: 152px;\"><\/td>\n<td style=\"width: 45.2874%; height: 152px;\"><em><strong>Waschmaschine \/ Trockner \/ Heizung \/ Strom \/ Wasser<br \/>\nVor- Endreinigung<br \/>\n<\/strong><\/em><\/td>\n<td style=\"width: 14.9633%; height: 152px;\"><\/td>\n<td style=\"width: 13.9858%; height: 152px; text-align: center;\"><em><strong>0.-<\/strong><\/em><\/td>\n<td style=\"width: 9.02256%; height: 152px;\"><\/td>\n<\/tr>\n<\/tbody>\n<\/table>\n<table style=\"width: 91.0345%; border-collapse: collapse; background-color: #c9daf2;\">\n<tbody>\n<tr>\n<td style=\"width: 100%;\"><b>Endreinigung<\/b>: Vor- und nach jeder Vermietung findet eine<em><strong>\u00a0 aufw\u00e4ndige Reinigung<\/strong> der Wohnung mit<strong>\u00a0gr\u00fcndlicher Desinfektion<\/strong> des Bades und aller sensiblen Bereiche statt! <\/em><\/p>\n<p><em>\u00a0<\/em><strong>Dem Gast entstehen keinerlei Zusatzkosten!<br \/>\n<\/strong><\/p>\n<p><img decoding=\"async\" class=\"wp-image-3327 alignright lazyload\" data-src=\"https:\/\/www.schwalbenrast.de\/wp-content\/uploads\/2020\/11\/Storch-121120-1-300x300.png\" alt=\"\" width=\"147\" height=\"147\" data-srcset=\"https:\/\/www.schwalbenrast.de\/wp-content\/uploads\/2020\/11\/Storch-121120-1-300x300.png 300w, https:\/\/www.schwalbenrast.de\/wp-content\/uploads\/2020\/11\/Storch-121120-1-150x150.png 150w, https:\/\/www.schwalbenrast.de\/wp-content\/uploads\/2020\/11\/Storch-121120-1-100x100.png 100w, https:\/\/www.schwalbenrast.de\/wp-content\/uploads\/2020\/11\/Storch-121120-1.png 319w\" data-sizes=\"(max-width: 147px) 100vw, 147px\" src=\"data:image\/svg+xml;base64,PHN2ZyB3aWR0aD0iMSIgaGVpZ2h0PSIxIiB4bWxucz0iaHR0cDovL3d3dy53My5vcmcvMjAwMC9zdmciPjwvc3ZnPg==\" style=\"--smush-placeholder-width: 147px; --smush-placeholder-aspect-ratio: 147\/147;\" \/><\/p>\n<p>&nbsp;<\/td>\n<\/tr>\n<\/tbody>\n<\/table>\n<hr \/>\n<h4><strong>\u00a0<\/strong><\/h4>\n<h5 align=\"left\"><\/h5>\n","protected":false},"excerpt":{"rendered":"<p>\u21d0 STARTSEITE &nbsp; zertifizierte Ferienwohnung f\u00fcr 2 Erwachsene inkl. aller Leistungen Komplettpreis \u00a0Die Wohnung liegt parterre in einer wundersch\u00f6nen ruhigen\u00a0 Ferienwohnanlage auf einem 8.500 qm &#8211; Grundst\u00fcck (getrennt von den Tagestouristen durch verschlie\u00dfbare Tore ) mit direktem Blick auf den D\u00fcmmersee \u00a0Nichtraucherwohnung\u00a0 \u00a0Esszimmer &#8211; Stube \u00a0 gr. Fenster mit Blick direkt auf den D\u00fcmmersee, Smart-TV, &hellip; <\/p>\n<p class=\"link-more\"><a href=\"https:\/\/www.schwalbenrast.de\/index.php\/preise-ferienwohnung-seglernest\/\" class=\"more-link\"><span class=\"screen-reader-text\">\u201ePreis  Ferienwohnung\u201c <\/span>weiterlesen<\/a><\/p>\n","protected":false},"author":8,"featured_media":0,"parent":0,"menu_order":0,"comment_status":"closed","ping_status":"closed","template":"","meta":{"footnotes":""},"class_list":["post-1617","page","type-page","status-publish","hentry"],"yoast_head":"<!-- This site is optimized with the Yoast SEO plugin v27.3 - https:\/\/yoast.com\/product\/yoast-seo-wordpress\/ -->\n<title>Preis Ferienwohnung - Ihr Zuhause am D\u00fcmmersee<\/title>\n<meta name=\"robots\" content=\"index, follow, max-snippet:-1, max-image-preview:large, max-video-preview:-1\" \/>\n<link rel=\"canonical\" href=\"https:\/\/www.schwalbenrast.de\/index.php\/preise-ferienwohnung-seglernest\/\" \/>\n<meta property=\"og:locale\" content=\"de_DE\" \/>\n<meta property=\"og:type\" content=\"article\" \/>\n<meta property=\"og:title\" content=\"Preis Ferienwohnung - Ihr Zuhause am D\u00fcmmersee\" \/>\n<meta property=\"og:description\" content=\"\u21d0 STARTSEITE &nbsp; zertifizierte Ferienwohnung f\u00fcr 2 Erwachsene inkl. aller Leistungen Komplettpreis \u00a0Die Wohnung liegt parterre in einer wundersch\u00f6nen ruhigen\u00a0 Ferienwohnanlage auf einem 8.500 qm &#8211; Grundst\u00fcck (getrennt von den Tagestouristen durch verschlie\u00dfbare Tore ) mit direktem Blick auf den D\u00fcmmersee \u00a0Nichtraucherwohnung\u00a0 \u00a0Esszimmer &#8211; Stube \u00a0 gr. Fenster mit Blick direkt auf den D\u00fcmmersee, Smart-TV, &hellip; \u201ePreis Ferienwohnung\u201c weiterlesen\" \/>\n<meta property=\"og:url\" content=\"https:\/\/www.schwalbenrast.de\/index.php\/preise-ferienwohnung-seglernest\/\" \/>\n<meta property=\"og:site_name\" content=\"Ihr Zuhause am D\u00fcmmersee\" \/>\n<meta property=\"article:modified_time\" content=\"2024-03-11T15:39:19+00:00\" \/>\n<meta property=\"og:image\" content=\"https:\/\/www.schwalbenrast.de\/wp-content\/uploads\/2020\/10\/Sterne-300x51.png\" \/>\n<meta name=\"twitter:card\" content=\"summary_large_image\" \/>\n<meta name=\"twitter:label1\" content=\"Gesch\u00e4tzte Lesezeit\" \/>\n\t<meta name=\"twitter:data1\" content=\"5\u00a0Minuten\" \/>\n<script type=\"application\/ld+json\" class=\"yoast-schema-graph\">{\"@context\":\"https:\\\/\\\/schema.org\",\"@graph\":[{\"@type\":\"WebPage\",\"@id\":\"https:\\\/\\\/www.schwalbenrast.de\\\/index.php\\\/preise-ferienwohnung-seglernest\\\/\",\"url\":\"https:\\\/\\\/www.schwalbenrast.de\\\/index.php\\\/preise-ferienwohnung-seglernest\\\/\",\"name\":\"Preis Ferienwohnung - Ihr Zuhause am D\u00fcmmersee\",\"isPartOf\":{\"@id\":\"https:\\\/\\\/www.schwalbenrast.de\\\/#website\"},\"primaryImageOfPage\":{\"@id\":\"https:\\\/\\\/www.schwalbenrast.de\\\/index.php\\\/preise-ferienwohnung-seglernest\\\/#primaryimage\"},\"image\":{\"@id\":\"https:\\\/\\\/www.schwalbenrast.de\\\/index.php\\\/preise-ferienwohnung-seglernest\\\/#primaryimage\"},\"thumbnailUrl\":\"https:\\\/\\\/www.schwalbenrast.de\\\/wp-content\\\/uploads\\\/2020\\\/10\\\/Sterne-300x51.png\",\"datePublished\":\"2020-10-19T14:14:32+00:00\",\"dateModified\":\"2024-03-11T15:39:19+00:00\",\"breadcrumb\":{\"@id\":\"https:\\\/\\\/www.schwalbenrast.de\\\/index.php\\\/preise-ferienwohnung-seglernest\\\/#breadcrumb\"},\"inLanguage\":\"de\",\"potentialAction\":[{\"@type\":\"ReadAction\",\"target\":[\"https:\\\/\\\/www.schwalbenrast.de\\\/index.php\\\/preise-ferienwohnung-seglernest\\\/\"]}]},{\"@type\":\"ImageObject\",\"inLanguage\":\"de\",\"@id\":\"https:\\\/\\\/www.schwalbenrast.de\\\/index.php\\\/preise-ferienwohnung-seglernest\\\/#primaryimage\",\"url\":\"https:\\\/\\\/www.schwalbenrast.de\\\/wp-content\\\/uploads\\\/2020\\\/10\\\/Sterne-300x51.png\",\"contentUrl\":\"https:\\\/\\\/www.schwalbenrast.de\\\/wp-content\\\/uploads\\\/2020\\\/10\\\/Sterne-300x51.png\"},{\"@type\":\"BreadcrumbList\",\"@id\":\"https:\\\/\\\/www.schwalbenrast.de\\\/index.php\\\/preise-ferienwohnung-seglernest\\\/#breadcrumb\",\"itemListElement\":[{\"@type\":\"ListItem\",\"position\":1,\"name\":\"Startseite\",\"item\":\"https:\\\/\\\/www.schwalbenrast.de\\\/\"},{\"@type\":\"ListItem\",\"position\":2,\"name\":\"Preis Ferienwohnung\"}]},{\"@type\":\"WebSite\",\"@id\":\"https:\\\/\\\/www.schwalbenrast.de\\\/#website\",\"url\":\"https:\\\/\\\/www.schwalbenrast.de\\\/\",\"name\":\"Ihr Zuhause am D\u00fcmmersee\",\"description\":\"Ferienhaus Schwalbenrast & Ferienwohnung Seglernest\",\"potentialAction\":[{\"@type\":\"SearchAction\",\"target\":{\"@type\":\"EntryPoint\",\"urlTemplate\":\"https:\\\/\\\/www.schwalbenrast.de\\\/?s={search_term_string}\"},\"query-input\":{\"@type\":\"PropertyValueSpecification\",\"valueRequired\":true,\"valueName\":\"search_term_string\"}}],\"inLanguage\":\"de\"}]}<\/script>\n<!-- \/ Yoast SEO plugin. -->","yoast_head_json":{"title":"Preis Ferienwohnung - Ihr Zuhause am D\u00fcmmersee","robots":{"index":"index","follow":"follow","max-snippet":"max-snippet:-1","max-image-preview":"max-image-preview:large","max-video-preview":"max-video-preview:-1"},"canonical":"https:\/\/www.schwalbenrast.de\/index.php\/preise-ferienwohnung-seglernest\/","og_locale":"de_DE","og_type":"article","og_title":"Preis Ferienwohnung - Ihr Zuhause am D\u00fcmmersee","og_description":"\u21d0 STARTSEITE &nbsp; zertifizierte Ferienwohnung f\u00fcr 2 Erwachsene inkl. aller Leistungen Komplettpreis \u00a0Die Wohnung liegt parterre in einer wundersch\u00f6nen ruhigen\u00a0 Ferienwohnanlage auf einem 8.500 qm &#8211; Grundst\u00fcck (getrennt von den Tagestouristen durch verschlie\u00dfbare Tore ) mit direktem Blick auf den D\u00fcmmersee \u00a0Nichtraucherwohnung\u00a0 \u00a0Esszimmer &#8211; Stube \u00a0 gr. Fenster mit Blick direkt auf den D\u00fcmmersee, Smart-TV, &hellip; \u201ePreis Ferienwohnung\u201c weiterlesen","og_url":"https:\/\/www.schwalbenrast.de\/index.php\/preise-ferienwohnung-seglernest\/","og_site_name":"Ihr Zuhause am D\u00fcmmersee","article_modified_time":"2024-03-11T15:39:19+00:00","og_image":[{"url":"https:\/\/www.schwalbenrast.de\/wp-content\/uploads\/2020\/10\/Sterne-300x51.png","type":"","width":"","height":""}],"twitter_card":"summary_large_image","twitter_misc":{"Gesch\u00e4tzte Lesezeit":"5\u00a0Minuten"},"schema":{"@context":"https:\/\/schema.org","@graph":[{"@type":"WebPage","@id":"https:\/\/www.schwalbenrast.de\/index.php\/preise-ferienwohnung-seglernest\/","url":"https:\/\/www.schwalbenrast.de\/index.php\/preise-ferienwohnung-seglernest\/","name":"Preis Ferienwohnung - Ihr Zuhause am D\u00fcmmersee","isPartOf":{"@id":"https:\/\/www.schwalbenrast.de\/#website"},"primaryImageOfPage":{"@id":"https:\/\/www.schwalbenrast.de\/index.php\/preise-ferienwohnung-seglernest\/#primaryimage"},"image":{"@id":"https:\/\/www.schwalbenrast.de\/index.php\/preise-ferienwohnung-seglernest\/#primaryimage"},"thumbnailUrl":"https:\/\/www.schwalbenrast.de\/wp-content\/uploads\/2020\/10\/Sterne-300x51.png","datePublished":"2020-10-19T14:14:32+00:00","dateModified":"2024-03-11T15:39:19+00:00","breadcrumb":{"@id":"https:\/\/www.schwalbenrast.de\/index.php\/preise-ferienwohnung-seglernest\/#breadcrumb"},"inLanguage":"de","potentialAction":[{"@type":"ReadAction","target":["https:\/\/www.schwalbenrast.de\/index.php\/preise-ferienwohnung-seglernest\/"]}]},{"@type":"ImageObject","inLanguage":"de","@id":"https:\/\/www.schwalbenrast.de\/index.php\/preise-ferienwohnung-seglernest\/#primaryimage","url":"https:\/\/www.schwalbenrast.de\/wp-content\/uploads\/2020\/10\/Sterne-300x51.png","contentUrl":"https:\/\/www.schwalbenrast.de\/wp-content\/uploads\/2020\/10\/Sterne-300x51.png"},{"@type":"BreadcrumbList","@id":"https:\/\/www.schwalbenrast.de\/index.php\/preise-ferienwohnung-seglernest\/#breadcrumb","itemListElement":[{"@type":"ListItem","position":1,"name":"Startseite","item":"https:\/\/www.schwalbenrast.de\/"},{"@type":"ListItem","position":2,"name":"Preis Ferienwohnung"}]},{"@type":"WebSite","@id":"https:\/\/www.schwalbenrast.de\/#website","url":"https:\/\/www.schwalbenrast.de\/","name":"Ihr Zuhause am D\u00fcmmersee","description":"Ferienhaus Schwalbenrast & Ferienwohnung Seglernest","potentialAction":[{"@type":"SearchAction","target":{"@type":"EntryPoint","urlTemplate":"https:\/\/www.schwalbenrast.de\/?s={search_term_string}"},"query-input":{"@type":"PropertyValueSpecification","valueRequired":true,"valueName":"search_term_string"}}],"inLanguage":"de"}]}},"_links":{"self":[{"href":"https:\/\/www.schwalbenrast.de\/index.php\/wp-json\/wp\/v2\/pages\/1617","targetHints":{"allow":["GET"]}}],"collection":[{"href":"https:\/\/www.schwalbenrast.de\/index.php\/wp-json\/wp\/v2\/pages"}],"about":[{"href":"https:\/\/www.schwalbenrast.de\/index.php\/wp-json\/wp\/v2\/types\/page"}],"author":[{"embeddable":true,"href":"https:\/\/www.schwalbenrast.de\/index.php\/wp-json\/wp\/v2\/users\/8"}],"replies":[{"embeddable":true,"href":"https:\/\/www.schwalbenrast.de\/index.php\/wp-json\/wp\/v2\/comments?post=1617"}],"version-history":[{"count":39,"href":"https:\/\/www.schwalbenrast.de\/index.php\/wp-json\/wp\/v2\/pages\/1617\/revisions"}],"predecessor-version":[{"id":9141,"href":"https:\/\/www.schwalbenrast.de\/index.php\/wp-json\/wp\/v2\/pages\/1617\/revisions\/9141"}],"wp:attachment":[{"href":"https:\/\/www.schwalbenrast.de\/index.php\/wp-json\/wp\/v2\/media?parent=1617"}],"curies":[{"name":"wp","href":"https:\/\/api.w.org\/{rel}","templated":true}]}}